{"id":387,"date":"2024-04-25T11:16:38","date_gmt":"2024-04-25T11:16:38","guid":{"rendered":"https:\/\/dev.mswitsolutions.com\/contacto\/"},"modified":"2026-01-27T12:36:44","modified_gmt":"2026-01-27T12:36:44","slug":"contacto","status":"publish","type":"page","link":"https:\/\/mswitsolutions.com\/es\/contacto\/","title":{"rendered":"Contacto"},"content":{"rendered":"\n<main id=\"contact-main\">\n    <div class=\"container\">\n      <div id=\"get-in-touch\">\n<!--\n        <div class=\"contact-information\">\n          <img decoding=\"async\" src=\"https:\/\/mswitsolutions.com\/wp-content\/uploads\/2024\/02\/contact_2.png\">\n          <div>\n            <div>Call Us<\/div>\n            <div>+ 34 951 383 806<\/div>\n          <\/div>\n        <\/div>\n        <div class=\"contact-information\">\n          <img decoding=\"async\" src=\"https:\/\/mswitsolutions.com\/wp-content\/uploads\/2024\/02\/contact_3.png\">\n          <div>\n            <div>Mail Us<\/div>\n            <div>info@mswitsolutions.com<\/div>\n          <\/div>\n        <\/div>\n-->\n\n\n\n<h1 class=\"wp-block-heading\">Ponerse en Contacto<\/h1>\n\n\n\n<p>\u00bfListo para llevar su negocio al siguiente nivel con soluciones tecnol\u00f3gicas personalizadas? \u00a1Cont\u00e1ctenos hoy para discutir sus ideas y comenzar a trabajar en su proyecto!<\/p>\n\n\n\n<div class=\"wp-block-group contact-information is-nowrap is-layout-flex wp-container-core-group-is-layout-ad2f72ca wp-block-group-is-layout-flex\">\n<figure class=\"wp-block-image size-full\"><img loading=\"lazy\" decoding=\"async\" width=\"80\" height=\"80\" src=\"https:\/\/mswitsolutions.com\/wp-content\/uploads\/2024\/02\/contact_1.png\" alt=\"\" class=\"wp-image-62\"\/><\/figure>\n\n\n\n<div class=\"wp-block-group is-vertical is-layout-flex wp-container-core-group-is-layout-8cf370e7 wp-block-group-is-layout-flex\">\n<h2 class=\"wp-block-heading\">Direcci\u00f3n de la Oficina<\/h2>\n\n\n\n<p>Avda. Manuel Fraga Iribarne 25<br>29620 Torremolinos, Malaga Spain<\/p>\n<\/div>\n<\/div>\n\n\n\n<div class=\"wp-block-group contact-information is-nowrap is-layout-flex wp-container-core-group-is-layout-ad2f72ca wp-block-group-is-layout-flex\">\n<figure class=\"wp-block-image size-full\"><img loading=\"lazy\" decoding=\"async\" width=\"80\" height=\"80\" src=\"https:\/\/mswitsolutions.com\/wp-content\/uploads\/2024\/02\/contact_2.png\" alt=\"\" class=\"wp-image-63\"\/><\/figure>\n\n\n\n<div class=\"wp-block-group is-vertical is-layout-flex wp-container-core-group-is-layout-8cf370e7 wp-block-group-is-layout-flex\">\n<h2 class=\"wp-block-heading\">Ll\u00e1manos<\/h2>\n\n\n\n<p>+ 34 951 383 806<\/p>\n<\/div>\n<\/div>\n\n\n\n<div class=\"wp-block-group contact-information is-nowrap is-layout-flex wp-container-core-group-is-layout-ad2f72ca wp-block-group-is-layout-flex\">\n<figure class=\"wp-block-image size-full\"><img loading=\"lazy\" decoding=\"async\" width=\"80\" height=\"80\" src=\"https:\/\/mswitsolutions.com\/wp-content\/uploads\/2024\/02\/contact_3.png\" alt=\"\" class=\"wp-image-64\"\/><\/figure>\n\n\n\n<div class=\"wp-block-group is-vertical is-layout-flex wp-container-core-group-is-layout-8cf370e7 wp-block-group-is-layout-flex\">\n<h2 class=\"wp-block-heading\">Env\u00edenos un correo electr\u00f3nico<\/h2>\n\n\n\n<p>info@mswitsolutions.com<\/p>\n<\/div>\n<\/div>\n\n\n\n<\/div>\n\n\n\n<div class=\"wp-block-contact-form-7-contact-form-selector\">\n<div class=\"wpcf7 no-js\" id=\"wpcf7-f803-o1\" lang=\"es-ES\" dir=\"ltr\" data-wpcf7-id=\"803\">\n<div class=\"screen-reader-response\"><p role=\"status\" aria-live=\"polite\" aria-atomic=\"true\"><\/p> <ul><\/ul><\/div>\n<form action=\"\/es\/wp-json\/wp\/v2\/pages\/387#wpcf7-f803-o1\" method=\"post\" class=\"wpcf7-form init\" aria-label=\"Formulario de contacto\" novalidate=\"novalidate\" data-status=\"init\">\n<fieldset class=\"hidden-fields-container\"><input type=\"hidden\" name=\"_wpcf7\" value=\"803\" \/><input type=\"hidden\" name=\"_wpcf7_version\" value=\"6.1.5\" \/><input type=\"hidden\" name=\"_wpcf7_locale\" value=\"es_ES\" \/><input type=\"hidden\" name=\"_wpcf7_unit_tag\" value=\"wpcf7-f803-o1\" \/><input type=\"hidden\" name=\"_wpcf7_container_post\" value=\"0\" \/><input type=\"hidden\" name=\"_wpcf7_posted_data_hash\" value=\"\" \/>\n<\/fieldset>\n<div id=\"contact-form\">\n\t<div class=\"form-input\">\n\t\t<p>Tu Nombre *\n\t\t<\/p>\n\t\t<div>\n\t\t\t<p><span class=\"wpcf7-form-control-wrap\" data-name=\"your-name\"><input size=\"40\" maxlength=\"400\" class=\"wpcf7-form-control wpcf7-text wpcf7-validates-as-required\" autocomplete=\"name\" aria-required=\"true\" aria-invalid=\"false\" value=\"\" type=\"text\" name=\"your-name\" \/><\/span>\n\t\t\t<\/p>\n\t\t<\/div>\n\t<\/div>\n\t<div class=\"form-input\">\n\t\t<p>Tu Correo electr\u00f3nico *\n\t\t<\/p>\n\t\t<div>\n\t\t\t<p><span class=\"wpcf7-form-control-wrap\" data-name=\"your-email\"><input size=\"40\" maxlength=\"400\" class=\"wpcf7-form-control wpcf7-email wpcf7-validates-as-required wpcf7-text wpcf7-validates-as-email\" autocomplete=\"email\" aria-required=\"true\" aria-invalid=\"false\" value=\"\" type=\"email\" name=\"your-email\" \/><\/span>\n\t\t\t<\/p>\n\t\t<\/div>\n\t<\/div>\n\t<div class=\"form-input\">\n\t\t<p>Tu Tel\u00e9fono\n\t\t<\/p>\n\t\t<div>\n\t\t\t<p><span class=\"wpcf7-form-control-wrap\" data-name=\"your-phone\"><input class=\"wpcf7-form-control wpcf7-number wpcf7-validates-as-number\" autocomplete=\"phone\" aria-invalid=\"false\" value=\"\" type=\"number\" name=\"your-phone\" \/><\/span>\n\t\t\t<\/p>\n\t\t<\/div>\n\t<\/div>\n\t<div class=\"form-input\">\n\t\t<p>Tu Mensaje *\n\t\t<\/p>\n\t\t<div>\n\t\t\t<p><span class=\"wpcf7-form-control-wrap\" data-name=\"your-message\"><textarea cols=\"40\" rows=\"10\" maxlength=\"2000\" class=\"wpcf7-form-control wpcf7-textarea wpcf7-validates-as-required\" aria-required=\"true\" aria-invalid=\"false\" name=\"your-message\"><\/textarea><\/span>\n\t\t\t<\/p>\n\t\t<\/div>\n\t<\/div>\n\t<div>\n\t\t<p><button class=\"button-primary\" type=\"submit\">Enviar<\/button>\n\t\t<\/p>\n\t<\/div>\n<\/div><div class=\"wpcf7-response-output\" aria-hidden=\"true\"><\/div>\n<\/form>\n<\/div>\n<\/div>\n\n\n\n<\/div>\n    <div class=\"container\" style=\"grid-column: 1\/3\">\n      <footer>\n  <a id=\"footer-img\" href=\"\">\n    <img decoding=\"async\" src=\"https:\/\/mswitsolutions.com\/wp-content\/uploads\/2026\/01\/Logo-Mysiteworks-1.png\" alt=\"logo\">\n  <\/a>\n  <div id=\"footer-nav\">\n\n\n\n<p><a href=\"https:\/\/mswitsolutions.com\/es\/contacto\/\">Contacto<\/a><\/p>\n\n\n\n<p><a href=\"https:\/\/mswitsolutions.com\/es\/politica-de-privacidad\/\">Pol\u00edtica de Privacidad<\/a><\/p>\n\n\n\n<p>Pol\u00edtica de Cookies<\/p>\n\n\n\n<p>T\u00e9rminos y Condiciones<\/p>\n\n\n\n<\/div>\n<\/footer>\n    <\/div>\n  <\/main>\n","protected":false},"excerpt":{"rendered":"<p>Ponerse en Contacto \u00bfListo para llevar su negocio al siguiente nivel con soluciones tecnol\u00f3gicas personalizadas? \u00a1Cont\u00e1ctenos hoy para discutir sus ideas y comenzar a trabajar en su proyecto! Direcci\u00f3n de la Oficina Avda. Manuel Fraga Iribarne 2529620 Torremolinos, Malaga Spain Ll\u00e1manos + 34 951 383 806 Env\u00edenos un correo electr\u00f3nico info@mswitsolutions.com Contacto Pol\u00edtica de Privacidad [&hellip;]<\/p>\n","protected":false},"author":3,"featured_media":0,"parent":0,"menu_order":0,"comment_status":"closed","ping_status":"closed","template":"","meta":{"_monsterinsights_skip_tracking":false,"_monsterinsights_sitenote_active":false,"_monsterinsights_sitenote_note":"","_monsterinsights_sitenote_category":0,"_uf_show_specific_survey":0,"_uf_disable_surveys":false,"footnotes":""},"class_list":["post-387","page","type-page","status-publish","hentry"],"aioseo_notices":[],"yoast_head":"<!-- This site is optimized with the Yoast SEO plugin v27.3 - https:\/\/yoast.com\/product\/yoast-seo-wordpress\/ -->\n<title>Contacto - My Site Works<\/title>\n<meta name=\"description\" content=\"My Site Works\" \/>\n<meta name=\"robots\" content=\"index, follow, max-snippet:-1, max-image-preview:large, max-video-preview:-1\" \/>\n<link rel=\"canonical\" href=\"https:\/\/mswitsolutions.com\/es\/contacto\/\" \/>\n<meta property=\"og:locale\" content=\"es_ES\" \/>\n<meta property=\"og:type\" content=\"article\" \/>\n<meta property=\"og:title\" content=\"Contacto - My Site Works\" \/>\n<meta property=\"og:description\" content=\"My Site Works\" \/>\n<meta property=\"og:url\" content=\"https:\/\/mswitsolutions.com\/es\/contacto\/\" \/>\n<meta property=\"og:site_name\" content=\"My Site Works\" \/>\n<meta property=\"article:modified_time\" content=\"2026-01-27T12:36:44+00:00\" \/>\n<meta property=\"og:image\" content=\"https:\/\/mswitsolutions.com\/wp-content\/uploads\/2024\/02\/contact_2.png\" \/>\n<meta name=\"twitter:card\" content=\"summary_large_image\" \/>\n<meta name=\"twitter:label1\" content=\"Tiempo de lectura\" \/>\n\t<meta name=\"twitter:data1\" content=\"2 minutos\" \/>\n<script type=\"application\/ld+json\" class=\"yoast-schema-graph\">{\"@context\":\"https:\\\/\\\/schema.org\",\"@graph\":[{\"@type\":\"WebPage\",\"@id\":\"https:\\\/\\\/mswitsolutions.com\\\/es\\\/contacto\\\/\",\"url\":\"https:\\\/\\\/mswitsolutions.com\\\/es\\\/contacto\\\/\",\"name\":\"Contacto - My Site Works\",\"isPartOf\":{\"@id\":\"https:\\\/\\\/mswitsolutions.com\\\/#website\"},\"primaryImageOfPage\":{\"@id\":\"https:\\\/\\\/mswitsolutions.com\\\/es\\\/contacto\\\/#primaryimage\"},\"image\":{\"@id\":\"https:\\\/\\\/mswitsolutions.com\\\/es\\\/contacto\\\/#primaryimage\"},\"thumbnailUrl\":\"https:\\\/\\\/mswitsolutions.com\\\/wp-content\\\/uploads\\\/2024\\\/02\\\/contact_2.png\",\"datePublished\":\"2024-04-25T11:16:38+00:00\",\"dateModified\":\"2026-01-27T12:36:44+00:00\",\"description\":\"My Site Works\",\"breadcrumb\":{\"@id\":\"https:\\\/\\\/mswitsolutions.com\\\/es\\\/contacto\\\/#breadcrumb\"},\"inLanguage\":\"es\",\"potentialAction\":[{\"@type\":\"ReadAction\",\"target\":[\"https:\\\/\\\/mswitsolutions.com\\\/es\\\/contacto\\\/\"]}]},{\"@type\":\"ImageObject\",\"inLanguage\":\"es\",\"@id\":\"https:\\\/\\\/mswitsolutions.com\\\/es\\\/contacto\\\/#primaryimage\",\"url\":\"https:\\\/\\\/mswitsolutions.com\\\/wp-content\\\/uploads\\\/2024\\\/02\\\/contact_2.png\",\"contentUrl\":\"https:\\\/\\\/mswitsolutions.com\\\/wp-content\\\/uploads\\\/2024\\\/02\\\/contact_2.png\"},{\"@type\":\"BreadcrumbList\",\"@id\":\"https:\\\/\\\/mswitsolutions.com\\\/es\\\/contacto\\\/#breadcrumb\",\"itemListElement\":[{\"@type\":\"ListItem\",\"position\":1,\"name\":\"Portada\",\"item\":\"https:\\\/\\\/mswitsolutions.com\\\/es\\\/\"},{\"@type\":\"ListItem\",\"position\":2,\"name\":\"Contacto\"}]},{\"@type\":\"WebSite\",\"@id\":\"https:\\\/\\\/mswitsolutions.com\\\/#website\",\"url\":\"https:\\\/\\\/mswitsolutions.com\\\/\",\"name\":\"My Site Works\",\"description\":\"\",\"publisher\":{\"@id\":\"https:\\\/\\\/mswitsolutions.com\\\/#organization\"},\"potentialAction\":[{\"@type\":\"SearchAction\",\"target\":{\"@type\":\"EntryPoint\",\"urlTemplate\":\"https:\\\/\\\/mswitsolutions.com\\\/?s={search_term_string}\"},\"query-input\":{\"@type\":\"PropertyValueSpecification\",\"valueRequired\":true,\"valueName\":\"search_term_string\"}}],\"inLanguage\":\"es\"},{\"@type\":\"Organization\",\"@id\":\"https:\\\/\\\/mswitsolutions.com\\\/#organization\",\"name\":\"My Site Works\",\"url\":\"https:\\\/\\\/mswitsolutions.com\\\/\",\"logo\":{\"@type\":\"ImageObject\",\"inLanguage\":\"es\",\"@id\":\"https:\\\/\\\/mswitsolutions.com\\\/#\\\/schema\\\/logo\\\/image\\\/\",\"url\":\"https:\\\/\\\/mswitsolutions.com\\\/wp-content\\\/uploads\\\/2024\\\/08\\\/mswlogo.png\",\"contentUrl\":\"https:\\\/\\\/mswitsolutions.com\\\/wp-content\\\/uploads\\\/2024\\\/08\\\/mswlogo.png\",\"width\":529,\"height\":165,\"caption\":\"My Site Works\"},\"image\":{\"@id\":\"https:\\\/\\\/mswitsolutions.com\\\/#\\\/schema\\\/logo\\\/image\\\/\"},\"sameAs\":[\"https:\\\/\\\/www.linkedin.com\\\/company\\\/my-site-works\\\/\"]}]}<\/script>\n<!-- \/ Yoast SEO plugin. -->","yoast_head_json":{"title":"Contacto - My Site Works","description":"My Site Works","robots":{"index":"index","follow":"follow","max-snippet":"max-snippet:-1","max-image-preview":"max-image-preview:large","max-video-preview":"max-video-preview:-1"},"canonical":"https:\/\/mswitsolutions.com\/es\/contacto\/","og_locale":"es_ES","og_type":"article","og_title":"Contacto - My Site Works","og_description":"My Site Works","og_url":"https:\/\/mswitsolutions.com\/es\/contacto\/","og_site_name":"My Site Works","article_modified_time":"2026-01-27T12:36:44+00:00","og_image":[{"url":"https:\/\/mswitsolutions.com\/wp-content\/uploads\/2024\/02\/contact_2.png","type":"","width":"","height":""}],"twitter_card":"summary_large_image","twitter_misc":{"Tiempo de lectura":"2 minutos"},"schema":{"@context":"https:\/\/schema.org","@graph":[{"@type":"WebPage","@id":"https:\/\/mswitsolutions.com\/es\/contacto\/","url":"https:\/\/mswitsolutions.com\/es\/contacto\/","name":"Contacto - My Site Works","isPartOf":{"@id":"https:\/\/mswitsolutions.com\/#website"},"primaryImageOfPage":{"@id":"https:\/\/mswitsolutions.com\/es\/contacto\/#primaryimage"},"image":{"@id":"https:\/\/mswitsolutions.com\/es\/contacto\/#primaryimage"},"thumbnailUrl":"https:\/\/mswitsolutions.com\/wp-content\/uploads\/2024\/02\/contact_2.png","datePublished":"2024-04-25T11:16:38+00:00","dateModified":"2026-01-27T12:36:44+00:00","description":"My Site Works","breadcrumb":{"@id":"https:\/\/mswitsolutions.com\/es\/contacto\/#breadcrumb"},"inLanguage":"es","potentialAction":[{"@type":"ReadAction","target":["https:\/\/mswitsolutions.com\/es\/contacto\/"]}]},{"@type":"ImageObject","inLanguage":"es","@id":"https:\/\/mswitsolutions.com\/es\/contacto\/#primaryimage","url":"https:\/\/mswitsolutions.com\/wp-content\/uploads\/2024\/02\/contact_2.png","contentUrl":"https:\/\/mswitsolutions.com\/wp-content\/uploads\/2024\/02\/contact_2.png"},{"@type":"BreadcrumbList","@id":"https:\/\/mswitsolutions.com\/es\/contacto\/#breadcrumb","itemListElement":[{"@type":"ListItem","position":1,"name":"Portada","item":"https:\/\/mswitsolutions.com\/es\/"},{"@type":"ListItem","position":2,"name":"Contacto"}]},{"@type":"WebSite","@id":"https:\/\/mswitsolutions.com\/#website","url":"https:\/\/mswitsolutions.com\/","name":"My Site Works","description":"","publisher":{"@id":"https:\/\/mswitsolutions.com\/#organization"},"potentialAction":[{"@type":"SearchAction","target":{"@type":"EntryPoint","urlTemplate":"https:\/\/mswitsolutions.com\/?s={search_term_string}"},"query-input":{"@type":"PropertyValueSpecification","valueRequired":true,"valueName":"search_term_string"}}],"inLanguage":"es"},{"@type":"Organization","@id":"https:\/\/mswitsolutions.com\/#organization","name":"My Site Works","url":"https:\/\/mswitsolutions.com\/","logo":{"@type":"ImageObject","inLanguage":"es","@id":"https:\/\/mswitsolutions.com\/#\/schema\/logo\/image\/","url":"https:\/\/mswitsolutions.com\/wp-content\/uploads\/2024\/08\/mswlogo.png","contentUrl":"https:\/\/mswitsolutions.com\/wp-content\/uploads\/2024\/08\/mswlogo.png","width":529,"height":165,"caption":"My Site Works"},"image":{"@id":"https:\/\/mswitsolutions.com\/#\/schema\/logo\/image\/"},"sameAs":["https:\/\/www.linkedin.com\/company\/my-site-works\/"]}]}},"_links":{"self":[{"href":"https:\/\/mswitsolutions.com\/es\/wp-json\/wp\/v2\/pages\/387","targetHints":{"allow":["GET"]}}],"collection":[{"href":"https:\/\/mswitsolutions.com\/es\/wp-json\/wp\/v2\/pages"}],"about":[{"href":"https:\/\/mswitsolutions.com\/es\/wp-json\/wp\/v2\/types\/page"}],"author":[{"embeddable":true,"href":"https:\/\/mswitsolutions.com\/es\/wp-json\/wp\/v2\/users\/3"}],"replies":[{"embeddable":true,"href":"https:\/\/mswitsolutions.com\/es\/wp-json\/wp\/v2\/comments?post=387"}],"version-history":[{"count":7,"href":"https:\/\/mswitsolutions.com\/es\/wp-json\/wp\/v2\/pages\/387\/revisions"}],"predecessor-version":[{"id":1266,"href":"https:\/\/mswitsolutions.com\/es\/wp-json\/wp\/v2\/pages\/387\/revisions\/1266"}],"wp:attachment":[{"href":"https:\/\/mswitsolutions.com\/es\/wp-json\/wp\/v2\/media?parent=387"}],"curies":[{"name":"wp","href":"https:\/\/api.w.org\/{rel}","templated":true}]}}